{"id":38567,"date":"2024-09-12T15:59:04","date_gmt":"2024-09-12T15:59:04","guid":{"rendered":"https:\/\/theme-dev.cmsmasters.net\/aesthetica\/?page_id=38567"},"modified":"2024-09-12T15:59:04","modified_gmt":"2024-09-12T15:59:04","slug":"my-account","status":"publish","type":"page","link":"https:\/\/cetinduygu.com\/ru\/my-account\/","title":{"rendered":"My Account"},"content":{"rendered":"<div data-elementor-type=\"wp-page\" data-elementor-id=\"38567\" class=\"elementor elementor-38567\" data-elementor-post-type=\"page\">\n\t\t\t\t<div class=\"elementor-element elementor-element-2d1082a e-flex e-con-boxed cmsmasters-bg-hide-none cmsmasters-bg-hide-none cmsmasters-block-default e-con e-parent\" data-id=\"2d1082a\" data-element_type=\"container\" data-e-type=\"container\" data-settings=\"{&quot;background_background&quot;:&quot;classic&quot;}\">\n\t\t\t\t\t<div class=\"e-con-inner\">\n\t\t\t\t<div class=\"elementor-element elementor-element-5eaf76e cmsmasters-breadcrumbs-alignment-center cmsmasters-breadcrumbs-type-cmsmasters cmsmasters-separator-type-text cmsmasters-block-default cmsmasters-sticky-default elementor-widget elementor-widget-cmsmasters-breadcrumbs cmsmasters-widget-breadcrumbs\" data-id=\"5eaf76e\" data-element_type=\"widget\" data-e-type=\"widget\" data-widget_type=\"cmsmasters-breadcrumbs.default\">\n\t\t\t\t<div class=\"elementor-widget-container\">\n\t\t\t\t\t<div class=\"cmsmasters-widget-breadcrumbs__container\"><div class=\"cmsmasters-widget-breadcrumbs__content\"><a href=\"https:\/\/cetinduygu.com\/ru\/\" class=\"cmsmasters-home\">Home<\/a><span class=\"cmsmasters-widget-breadcrumbs__sep\"><span>\/<\/span><\/span><span>No breadcrumbs<\/span><\/div><\/div>\t\t\t\t<\/div>\n\t\t\t\t<\/div>\n\t\t\t\t<div class=\"elementor-element elementor-element-83a373e cmsmasters-block-default cmsmasters-sticky-default elementor-widget elementor-widget-heading\" data-id=\"83a373e\" data-element_type=\"widget\" data-e-type=\"widget\" data-widget_type=\"heading.default\">\n\t\t\t\t<div class=\"elementor-widget-container\">\n\t\t\t\t\t<h1 class=\"elementor-heading-title elementor-size-default\">\u0410\u0440\u0445\u0438\u0432\u044b<\/h1>\t\t\t\t<\/div>\n\t\t\t\t<\/div>\n\t\t\t\t\t<\/div>\n\t\t\t\t<\/div>\n\t\t<div class=\"elementor-element elementor-element-2a11557 e-flex e-con-boxed cmsmasters-block-default e-con e-parent\" data-id=\"2a11557\" data-element_type=\"container\" data-e-type=\"container\">\n\t\t\t\t\t<div class=\"e-con-inner\">\n\t\t\t\t\t<\/div>\n\t\t\t\t<\/div>\n\t\t\t\t<\/div>","protected":false},"excerpt":{"rendered":"<p>Home\/No breadcrumbs<\/p>","protected":false},"author":1,"featured_media":0,"parent":0,"menu_order":0,"comment_status":"closed","ping_status":"closed","template":"","meta":{"_acf_changed":false,"_monsterinsights_skip_tracking":false,"_monsterinsights_sitenote_active":false,"_monsterinsights_sitenote_note":"","_monsterinsights_sitenote_category":0,"footnotes":""},"class_list":["post-38567","page","type-page","status-publish","hentry"],"acf":[],"yoast_head":"<!-- This site is optimized with the Yoast SEO Premium plugin v26.2 (Yoast SEO v27.4) - https:\/\/yoast.com\/product\/yoast-seo-premium-wordpress\/ -->\n<title>My Account - Op. Dr. \u00c7etin Duygu<\/title>\n<meta name=\"robots\" content=\"index, follow, max-snippet:-1, max-image-preview:large, max-video-preview:-1\" \/>\n<link rel=\"canonical\" href=\"https:\/\/cetinduygu.com\/ru\/my-account\/\" \/>\n<meta property=\"og:locale\" content=\"ru_RU\" \/>\n<meta property=\"og:type\" content=\"article\" \/>\n<meta property=\"og:title\" content=\"My Account\" \/>\n<meta property=\"og:description\" content=\"Home\/No breadcrumbs\" \/>\n<meta property=\"og:url\" content=\"https:\/\/cetinduygu.com\/ru\/my-account\/\" \/>\n<meta property=\"og:site_name\" content=\"Op. Dr. \u00c7etin Duygu\" \/>\n<meta property=\"article:publisher\" content=\"https:\/\/www.facebook.com\/Migren-Ameliyat-1400169403584542\/\" \/>\n<meta name=\"twitter:card\" content=\"summary_large_image\" \/>\n<script type=\"application\/ld+json\" class=\"yoast-schema-graph\">{\"@context\":\"https:\\\/\\\/schema.org\",\"@graph\":[{\"@type\":\"WebPage\",\"@id\":\"https:\\\/\\\/cetinduygu.com\\\/my-account\\\/\",\"url\":\"https:\\\/\\\/cetinduygu.com\\\/my-account\\\/\",\"name\":\"My Account - Op. Dr. \u00c7etin Duygu\",\"isPartOf\":{\"@id\":\"https:\\\/\\\/cetinduygu.com\\\/#website\"},\"datePublished\":\"2024-09-12T15:59:04+00:00\",\"breadcrumb\":{\"@id\":\"https:\\\/\\\/cetinduygu.com\\\/my-account\\\/#breadcrumb\"},\"inLanguage\":\"ru-RU\",\"potentialAction\":[{\"@type\":\"ReadAction\",\"target\":[\"https:\\\/\\\/cetinduygu.com\\\/my-account\\\/\"]}]},{\"@type\":\"BreadcrumbList\",\"@id\":\"https:\\\/\\\/cetinduygu.com\\\/my-account\\\/#breadcrumb\",\"itemListElement\":[{\"@type\":\"ListItem\",\"position\":1,\"name\":\"Anasayfa\",\"item\":\"https:\\\/\\\/cetinduygu.com\\\/\"},{\"@type\":\"ListItem\",\"position\":2,\"name\":\"My Account\"}]},{\"@type\":\"WebSite\",\"@id\":\"https:\\\/\\\/cetinduygu.com\\\/#website\",\"url\":\"https:\\\/\\\/cetinduygu.com\\\/\",\"name\":\"Op. Dr. \u00c7etin Duygu\",\"description\":\"V\u00fccut Esteti\u011fi, Migren Ameliyat\u0131\",\"publisher\":{\"@id\":\"https:\\\/\\\/cetinduygu.com\\\/#organization\"},\"potentialAction\":[{\"@type\":\"SearchAction\",\"target\":{\"@type\":\"EntryPoint\",\"urlTemplate\":\"https:\\\/\\\/cetinduygu.com\\\/?s={search_term_string}\"},\"query-input\":{\"@type\":\"PropertyValueSpecification\",\"valueRequired\":true,\"valueName\":\"search_term_string\"}}],\"inLanguage\":\"ru-RU\"},{\"@type\":\"Organization\",\"@id\":\"https:\\\/\\\/cetinduygu.com\\\/#organization\",\"name\":\"Op. Dr. \u00c7etin Duygu\",\"url\":\"https:\\\/\\\/cetinduygu.com\\\/\",\"logo\":{\"@type\":\"ImageObject\",\"inLanguage\":\"ru-RU\",\"@id\":\"https:\\\/\\\/cetinduygu.com\\\/#\\\/schema\\\/logo\\\/image\\\/\",\"url\":\"https:\\\/\\\/cetinduygu.com\\\/wp-content\\\/uploads\\\/2025\\\/03\\\/yenilogo.png\",\"contentUrl\":\"https:\\\/\\\/cetinduygu.com\\\/wp-content\\\/uploads\\\/2025\\\/03\\\/yenilogo.png\",\"width\":247,\"height\":96,\"caption\":\"Op. Dr. \u00c7etin Duygu\"},\"image\":{\"@id\":\"https:\\\/\\\/cetinduygu.com\\\/#\\\/schema\\\/logo\\\/image\\\/\"},\"sameAs\":[\"https:\\\/\\\/www.facebook.com\\\/Migren-Ameliyat-1400169403584542\\\/\",\"https:\\\/\\\/www.instagram.com\\\/cetinduygu.dr\\\/\",\"https:\\\/\\\/www.youtube.com\\\/channel\\\/UCUmcIKo-dZZXqfzVcMjTusA?feature=sub_widget_1\"]}]}<\/script>\n<!-- \/ Yoast SEO Premium plugin. -->","yoast_head_json":{"title":"My Account - Op. Dr. \u00c7etin Duygu","robots":{"index":"index","follow":"follow","max-snippet":"max-snippet:-1","max-image-preview":"max-image-preview:large","max-video-preview":"max-video-preview:-1"},"canonical":"https:\/\/cetinduygu.com\/ru\/my-account\/","og_locale":"ru_RU","og_type":"article","og_title":"My Account","og_description":"Home\/No breadcrumbs","og_url":"https:\/\/cetinduygu.com\/ru\/my-account\/","og_site_name":"Op. Dr. \u00c7etin Duygu","article_publisher":"https:\/\/www.facebook.com\/Migren-Ameliyat-1400169403584542\/","twitter_card":"summary_large_image","schema":{"@context":"https:\/\/schema.org","@graph":[{"@type":"WebPage","@id":"https:\/\/cetinduygu.com\/my-account\/","url":"https:\/\/cetinduygu.com\/my-account\/","name":"My Account - Op. Dr. \u00c7etin Duygu","isPartOf":{"@id":"https:\/\/cetinduygu.com\/#website"},"datePublished":"2024-09-12T15:59:04+00:00","breadcrumb":{"@id":"https:\/\/cetinduygu.com\/my-account\/#breadcrumb"},"inLanguage":"ru-RU","potentialAction":[{"@type":"ReadAction","target":["https:\/\/cetinduygu.com\/my-account\/"]}]},{"@type":"BreadcrumbList","@id":"https:\/\/cetinduygu.com\/my-account\/#breadcrumb","itemListElement":[{"@type":"ListItem","position":1,"name":"Anasayfa","item":"https:\/\/cetinduygu.com\/"},{"@type":"ListItem","position":2,"name":"My Account"}]},{"@type":"WebSite","@id":"https:\/\/cetinduygu.com\/#website","url":"https:\/\/cetinduygu.com\/","name":"\u041c\u043d\u0435\u043d\u0438\u0435 \u0434\u043e\u043a\u0442\u043e\u0440\u0430 \u00c7etin Duygu","description":"V\u00fccut Esteti\u011fi, Migren Ameliyat\u0131","publisher":{"@id":"https:\/\/cetinduygu.com\/#organization"},"potentialAction":[{"@type":"SearchAction","target":{"@type":"EntryPoint","urlTemplate":"https:\/\/cetinduygu.com\/?s={search_term_string}"},"query-input":{"@type":"PropertyValueSpecification","valueRequired":true,"valueName":"search_term_string"}}],"inLanguage":"ru-RU"},{"@type":"Organization","@id":"https:\/\/cetinduygu.com\/#organization","name":"\u041c\u043d\u0435\u043d\u0438\u0435 \u0434\u043e\u043a\u0442\u043e\u0440\u0430 \u00c7etin Duygu","url":"https:\/\/cetinduygu.com\/","logo":{"@type":"ImageObject","inLanguage":"ru-RU","@id":"https:\/\/cetinduygu.com\/#\/schema\/logo\/image\/","url":"https:\/\/cetinduygu.com\/wp-content\/uploads\/2025\/03\/yenilogo.png","contentUrl":"https:\/\/cetinduygu.com\/wp-content\/uploads\/2025\/03\/yenilogo.png","width":247,"height":96,"caption":"Op. Dr. \u00c7etin Duygu"},"image":{"@id":"https:\/\/cetinduygu.com\/#\/schema\/logo\/image\/"},"sameAs":["https:\/\/www.facebook.com\/Migren-Ameliyat-1400169403584542\/","https:\/\/www.instagram.com\/cetinduygu.dr\/","https:\/\/www.youtube.com\/channel\/UCUmcIKo-dZZXqfzVcMjTusA?feature=sub_widget_1"]}]}},"_links":{"self":[{"href":"https:\/\/cetinduygu.com\/ru\/wp-json\/wp\/v2\/pages\/38567","targetHints":{"allow":["GET"]}}],"collection":[{"href":"https:\/\/cetinduygu.com\/ru\/wp-json\/wp\/v2\/pages"}],"about":[{"href":"https:\/\/cetinduygu.com\/ru\/wp-json\/wp\/v2\/types\/page"}],"author":[{"embeddable":true,"href":"https:\/\/cetinduygu.com\/ru\/wp-json\/wp\/v2\/users\/1"}],"replies":[{"embeddable":true,"href":"https:\/\/cetinduygu.com\/ru\/wp-json\/wp\/v2\/comments?post=38567"}],"version-history":[{"count":0,"href":"https:\/\/cetinduygu.com\/ru\/wp-json\/wp\/v2\/pages\/38567\/revisions"}],"wp:attachment":[{"href":"https:\/\/cetinduygu.com\/ru\/wp-json\/wp\/v2\/media?parent=38567"}],"curies":[{"name":"wp","href":"https:\/\/api.w.org\/{rel}","templated":true}]}}